{"id":4285,"date":"2024-05-23T15:03:24","date_gmt":"2024-05-23T13:03:24","guid":{"rendered":"https:\/\/thegarden.it\/staging3\/whistelblowing\/"},"modified":"2024-06-28T09:35:57","modified_gmt":"2024-06-28T07:35:57","slug":"whistelblowing","status":"publish","type":"page","link":"https:\/\/hotformpackaging.it\/en\/whistelblowing\/","title":{"rendered":"Whistelblowing"},"content":{"rendered":"\t\t<div data-elementor-type=\"wp-page\" data-elementor-id=\"4285\" class=\"elementor elementor-4285 elementor-4080\" data-elementor-post-type=\"page\">\n\t\t\t\t<div class=\"elementor-element elementor-element-409e819 e-flex e-con-boxed e-con e-parent\" data-id=\"409e819\" data-element_type=\"container\" data-e-type=\"container\">\n\t\t\t\t\t<div class=\"e-con-inner\">\n\t\t\t\t<div class=\"elementor-element elementor-element-5085159 elementor-widget elementor-widget-heading\" data-id=\"5085159\" data-element_type=\"widget\" data-e-type=\"widget\" data-widget_type=\"heading.default\">\n\t\t\t\t<div class=\"elementor-widget-container\">\n\t\t\t\t\t<h2 class=\"elementor-heading-title elementor-size-default\">Whistelblowing<\/h2>\t\t\t\t<\/div>\n\t\t\t\t<\/div>\n\t\t\t\t<div class=\"elementor-element elementor-element-2a862c2 elementor-widget elementor-widget-text-editor\" data-id=\"2a862c2\" data-element_type=\"widget\" data-e-type=\"widget\" data-widget_type=\"text-editor.default\">\n\t\t\t\t<div class=\"elementor-widget-container\">\n\t\t\t\t\t\t\t\t\t<h3>Informativa sul trattamento dei dati personali<\/h3>\n<p>La presente informativa sul trattamento dei dati personali \u00e8 resa, ai sensi dell\u2019art. 13 del Regolamento (UE) 2016\/679 (di seguito \u201c<strong>Regolamento<\/strong>\u201d), da Hot Form srl con sede legale in Via Decime 28\/E Tombolo (PD) (di seguito \u201c<strong>Hot Form<\/strong>\u201d o \u201c<strong>Societ\u00e0<\/strong>\u201d), in qualit\u00e0 di titolare del trattamento, ai soggetti diversi dal personale dipendente che effettuano segnalazioni ai sensi del d.lgs. 24\/2023 di attuazione della direttiva (UE) 2019\/1937 riguardante la protezione delle persone che segnalano violazioni del diritto dell\u2019Unione.<br \/>In questa informativa sono illustrate le finalit\u00e0 e le modalit\u00e0 con cui Hot Form raccoglie e tratta i suoi dati personali, quali categorie di dati sono oggetto di trattamento, quali sono i diritti degli interessati al trattamento e come possono essere esercitati.<\/p>\n<h4>Categorie di dati trattati<\/h4>\n<p>La Societ\u00e0 tratter\u00e0 i dati da Lei forniti nell\u2019ambito della segnalazione; in particolare Hot Form tratter\u00e0 i seguenti dati personali: i) nome e cognome; ii) indirizzo attraverso cui \u00e8 effettuata la segnalazione; iii) il ruolo in virt\u00f9 del quale effettua la segnalazione.<br \/>Il conferimento dei dati \u00e8 necessario per la presentazione della segnalazione; in mancanza, non sar\u00e0 possibile procedere con l\u2019inoltro della stessa.<\/p>\n<h4>Finalit\u00e0 e base giuridica del trattamento<\/h4>\n<p>Nell\u2019ambito della gestione della procedura whistleblowing, Hot Form tratter\u00e0 i suoi dati personali, ai sensi dell\u2019art. 6, lett. c) del Regolamento, nell\u2019adempimento di un obbligo di legge e, in particolare, in ottemperanza a quanto stabilito dal D.lgs. 24\/2023 che prevede l\u2019obbligo di implementare un sistema di segnalazioni al fine di conoscere eventuali condotte illecite relative a:<br \/>(i) condotte illecite rilevanti ai sensi del d.lgs. 231\/2001 (i.e. fattispecie concrete che integrano gli estremi dei reati-presupposto) e violazioni del modello 231 adottato dalla societ\u00e0 (i.e. l\u2019inosservanza dei principi di comportamento e dei presidi di controllo in essi previsti);<br \/>(ii) illeciti che rientrano nell\u2019ambito di applicazione degli atti dell\u2019Unione europea o nazionali elencati nell\u2019allegato al d.lgs. 24\/2023 ovvero della legislazione interna che costituisce loro attuazione degli atti di diritto europeo indicati nell\u2019allegato alla Direttiva 2019\/1937, relativi, per quanto d\u2019interesse, ai seguenti settori: appalti pubblici; servizi, prodotti e mercati finanziari e prevenzione del riciclaggio e del finanziamento del terrorismo; sicurezza e conformit\u00e0 dei prodotti; sicurezza dei trasporti; tutela dell\u2019ambiente; radioprotezione e sicurezza nucleare; sicurezza degli alimenti e dei mangimi e salute e benessere degli animali; salute pubblica; protezione dei consumatori; tutela della vita privata e protezione dei dati personali e sicurezza delle reti e dei sistemi informativi; (iii) atti od omissioni lesivi degli interessi finanziari dell\u2019Unione europea tutelati ai sensi dell\u2019art. 325 TFUE;<br \/>(iv) atti od omissioni riguardanti il mercato interno di cui all\u2019art. 26.2, TFUE, comprese le violazioni delle norme in materia di concorrenza e aiuti di Stato, nonch\u00e9 di imposte sulle societ\u00e0;<br \/>(v) qualsiasi condotta suscettibile di vanificare l\u2019oggetto o la finalit\u00e0 delle disposizioni previste dagli atti dell\u2019Unione nei settori individuati nei punti (ii), (iii) ed (iv);<br \/>(vi) ogni altro possibile illecito amministrativo, contabile, civile e penale di qualsiasi natura, diverso dai precedenti.<\/p>\n<h4>Categorie di soggetti ai quali i dati personali possono essere comunicati e finalit\u00e0 della comunicazione<\/h4>\n<p>Hot Form potr\u00e0 comunicare i suoi dati personali a soggetti terzi dei quali si avvale per lo svolgimento di attivit\u00e0 connesse alla gestione del sistema whistleblowing. In particolare, i suoi dati potranno essere comunicati a societ\u00e0 esterne che offrono a Hot Form servizi informatici e a consulenti esterni. Tali societ\u00e0 tratteranno i suoi dati personali in qualit\u00e0 di responsabili del trattamento ex art. 28 del Regolamento (di seguito, anche \u201cResponsabili\u201d), nel rispetto di quanto previsto dall\u2019art. 13 comma 6 del d.lgs. 24\/2023.<br \/>Per ottenere la lista dei Responsabili, la invitiamo a contattare Hot Form scrivendo a info@hotform.it.<br \/>Hot Form, inoltre, potr\u00e0 comunicare i suoi dati ai soggetti cui la comunicazione sia dovuta in forza di obblighi di legge una volta verificata la fondatezza della segnalazione; tali soggetti tratteranno i suoi dati in qualit\u00e0 di titolari autonomi.<\/p>\n<h4>Durata del trattamento e periodo di conservazione dei dati<\/h4>\n<p>I suoi dati saranno trattati per il tempo strettamente necessario all\u2019analisi della segnalazione da Lei presentata attraverso il sistema di whistleblowing nonch\u00e9 alle successive azioni che dovessero rendersi necessarie e comunque, in applicazione dell\u2019art. 14 comma 1 del d.lgs. 24\/2023, non oltre cinque anni dalla comunicazione dell\u2019esito finale della segnalazione.<\/p>\n<p><strong>Trasferimento dei dati fuori dall\u2019Unione europea<\/strong><\/p>\n<p>I suoi dati non verranno trasferiti fuori dall\u2019Unione europea.<\/p>\n<p><strong>Diritti degli interessati<\/strong><\/p>\n<p>La informiamo che, in conformit\u00e0 alla vigente disciplina, potr\u00e0 esercitare i seguenti diritti:<br \/>\u2022 chiedere e ottenere informazioni in merito all\u2019esistenza di suoi dati personali presso la Societ\u00e0 e in merito ai trattamenti di dati posti in essere dalla Societ\u00e0 nonch\u00e9 ottenere l\u2019accesso a tali dati;<br \/>\u2022 chiedere e ottenere la modifica e\/o correzione dei suoi dati personali;<br \/>\u2022 chiedere e ottenere la cancellazione e\/o la limitazione del trattamento dei suoi dati personali qualora si tratti di dati o informazioni non necessari \u2013 o non pi\u00f9 necessari \u2013 per le finalit\u00e0 che precedono, quindi decorso il periodo di conservazione sopra indicato.<br \/>Tali richieste potranno essere indirizzate a Hot Form via posta ordinaria all\u2019indirizzo della societ\u00e0.<br \/>La informiamo infine che ai sensi della disciplina vigente pu\u00f2 proporre eventuali reclami riguardanti i trattamenti di suoi dati personali al Garante per la protezione dei dati personali.<\/p>\n<p><a href=\"https:\/\/audit2.segnalazioni-pmi.it\/#\/\" target=\"_blank\" rel=\"noopener\"><strong>VAI AL PORTALE DEDICATO ALLE SEGNALAZIONI<\/strong><\/a><\/p>\n\t\t\t\t\t\t\t\t<\/div>\n\t\t\t\t<\/div>\n\t\t\t\t\t<\/div>\n\t\t\t\t<\/div>\n\t\t\t\t<\/div>\n\t\t","protected":false},"excerpt":{"rendered":"<p>Whistelblowing Informativa sul trattamento dei dati personali La presente informativa sul trattamento dei dati personali \u00e8 resa, ai sensi dell\u2019art. 13 del Regolamento (UE) 2016\/679 (di seguito \u201cRegolamento\u201d), da Hot Form srl con sede legale in Via Decime 28\/E Tombolo (PD) (di seguito \u201cHot Form\u201d o \u201cSociet\u00e0\u201d), in qualit\u00e0 di titolare del trattamento, ai soggetti [&hellip;]<\/p>\n","protected":false},"author":2,"featured_media":0,"parent":0,"menu_order":0,"comment_status":"closed","ping_status":"closed","template":"","meta":{"_acf_changed":false,"footnotes":""},"class_list":["post-4285","page","type-page","status-publish","hentry"],"acf":[],"yoast_head":"<!-- This site is optimized with the Yoast SEO plugin v27.5 - https:\/\/yoast.com\/product\/yoast-seo-wordpress\/ -->\n<title>Whistelblowing | Hot Form<\/title>\n<meta name=\"robots\" content=\"index, follow, max-snippet:-1, max-image-preview:large, max-video-preview:-1\" \/>\n<link rel=\"canonical\" href=\"https:\/\/hotformpackaging.it\/en\/whistelblowing\/\" \/>\n<meta property=\"og:locale\" content=\"en_US\" \/>\n<meta property=\"og:type\" content=\"article\" \/>\n<meta property=\"og:title\" content=\"Whistelblowing | Hot Form\" \/>\n<meta property=\"og:description\" content=\"Whistelblowing Informativa sul trattamento dei dati personali La presente informativa sul trattamento dei dati personali \u00e8 resa, ai sensi dell\u2019art. 13 del Regolamento (UE) 2016\/679 (di seguito \u201cRegolamento\u201d), da Hot Form srl con sede legale in Via Decime 28\/E Tombolo (PD) (di seguito \u201cHot Form\u201d o \u201cSociet\u00e0\u201d), in qualit\u00e0 di titolare del trattamento, ai soggetti [&hellip;]\" \/>\n<meta property=\"og:url\" content=\"https:\/\/hotformpackaging.it\/en\/whistelblowing\/\" \/>\n<meta property=\"og:site_name\" content=\"Hot Form\" \/>\n<meta property=\"article:publisher\" content=\"https:\/\/www.facebook.com\/hotformsrl\" \/>\n<meta property=\"article:modified_time\" content=\"2024-06-28T07:35:57+00:00\" \/>\n<meta property=\"og:image\" content=\"https:\/\/hotformpackaging.it\/wp-content\/uploads\/2024\/06\/hotform-settori-grande-distribuzione.webp\" \/>\n\t<meta property=\"og:image:width\" content=\"800\" \/>\n\t<meta property=\"og:image:height\" content=\"520\" \/>\n\t<meta property=\"og:image:type\" content=\"image\/webp\" \/>\n<meta name=\"twitter:card\" content=\"summary_large_image\" \/>\n<meta name=\"twitter:label1\" content=\"Est. reading time\" \/>\n\t<meta name=\"twitter:data1\" content=\"4 minutes\" \/>\n<script type=\"application\/ld+json\" class=\"yoast-schema-graph\">{\"@context\":\"https:\\\/\\\/schema.org\",\"@graph\":[{\"@type\":\"WebPage\",\"@id\":\"https:\\\/\\\/hotformpackaging.it\\\/en\\\/whistelblowing\\\/\",\"url\":\"https:\\\/\\\/hotformpackaging.it\\\/en\\\/whistelblowing\\\/\",\"name\":\"Whistelblowing | Hot Form\",\"isPartOf\":{\"@id\":\"https:\\\/\\\/hotformpackaging.it\\\/en\\\/#website\"},\"datePublished\":\"2024-05-23T13:03:24+00:00\",\"dateModified\":\"2024-06-28T07:35:57+00:00\",\"breadcrumb\":{\"@id\":\"https:\\\/\\\/hotformpackaging.it\\\/en\\\/whistelblowing\\\/#breadcrumb\"},\"inLanguage\":\"en-US\",\"potentialAction\":[{\"@type\":\"ReadAction\",\"target\":[\"https:\\\/\\\/hotformpackaging.it\\\/en\\\/whistelblowing\\\/\"]}]},{\"@type\":\"BreadcrumbList\",\"@id\":\"https:\\\/\\\/hotformpackaging.it\\\/en\\\/whistelblowing\\\/#breadcrumb\",\"itemListElement\":[{\"@type\":\"ListItem\",\"position\":1,\"name\":\"Home\",\"item\":\"https:\\\/\\\/hotformpackaging.it\\\/en\\\/\"},{\"@type\":\"ListItem\",\"position\":2,\"name\":\"Whistelblowing\"}]},{\"@type\":\"WebSite\",\"@id\":\"https:\\\/\\\/hotformpackaging.it\\\/en\\\/#website\",\"url\":\"https:\\\/\\\/hotformpackaging.it\\\/en\\\/\",\"name\":\"Hot Form\",\"description\":\"Produzione Contenitori e Packaging Alimentare\",\"publisher\":{\"@id\":\"https:\\\/\\\/hotformpackaging.it\\\/en\\\/#organization\"},\"potentialAction\":[{\"@type\":\"SearchAction\",\"target\":{\"@type\":\"EntryPoint\",\"urlTemplate\":\"https:\\\/\\\/hotformpackaging.it\\\/en\\\/?s={search_term_string}\"},\"query-input\":{\"@type\":\"PropertyValueSpecification\",\"valueRequired\":true,\"valueName\":\"search_term_string\"}}],\"inLanguage\":\"en-US\"},{\"@type\":\"Organization\",\"@id\":\"https:\\\/\\\/hotformpackaging.it\\\/en\\\/#organization\",\"name\":\"HOT FORM srl\",\"alternateName\":\"HOT FORM\",\"url\":\"https:\\\/\\\/hotformpackaging.it\\\/en\\\/\",\"logo\":{\"@type\":\"ImageObject\",\"inLanguage\":\"en-US\",\"@id\":\"https:\\\/\\\/hotformpackaging.it\\\/en\\\/#\\\/schema\\\/logo\\\/image\\\/\",\"url\":\"https:\\\/\\\/hotformpackaging.it\\\/wp-content\\\/uploads\\\/2023\\\/09\\\/remove_icon.png\",\"contentUrl\":\"https:\\\/\\\/hotformpackaging.it\\\/wp-content\\\/uploads\\\/2023\\\/09\\\/remove_icon.png\",\"width\":600,\"height\":207,\"caption\":\"HOT FORM srl\"},\"image\":{\"@id\":\"https:\\\/\\\/hotformpackaging.it\\\/en\\\/#\\\/schema\\\/logo\\\/image\\\/\"},\"sameAs\":[\"https:\\\/\\\/www.facebook.com\\\/hotformsrl\",\"https:\\\/\\\/www.instagram.com\\\/hotformsrl\\\/\",\"https:\\\/\\\/www.linkedin.com\\\/company\\\/hotformsrl\\\/\",\"https:\\\/\\\/www.youtube.com\\\/@hotformsrl2764\",\"https:\\\/\\\/www.italextrusion.it\\\/\"]}]}<\/script>\n<!-- \/ Yoast SEO plugin. -->","yoast_head_json":{"title":"Whistelblowing | Hot Form","robots":{"index":"index","follow":"follow","max-snippet":"max-snippet:-1","max-image-preview":"max-image-preview:large","max-video-preview":"max-video-preview:-1"},"canonical":"https:\/\/hotformpackaging.it\/en\/whistelblowing\/","og_locale":"en_US","og_type":"article","og_title":"Whistelblowing | Hot Form","og_description":"Whistelblowing Informativa sul trattamento dei dati personali La presente informativa sul trattamento dei dati personali \u00e8 resa, ai sensi dell\u2019art. 13 del Regolamento (UE) 2016\/679 (di seguito \u201cRegolamento\u201d), da Hot Form srl con sede legale in Via Decime 28\/E Tombolo (PD) (di seguito \u201cHot Form\u201d o \u201cSociet\u00e0\u201d), in qualit\u00e0 di titolare del trattamento, ai soggetti [&hellip;]","og_url":"https:\/\/hotformpackaging.it\/en\/whistelblowing\/","og_site_name":"Hot Form","article_publisher":"https:\/\/www.facebook.com\/hotformsrl","article_modified_time":"2024-06-28T07:35:57+00:00","og_image":[{"width":800,"height":520,"url":"https:\/\/hotformpackaging.it\/wp-content\/uploads\/2024\/06\/hotform-settori-grande-distribuzione.webp","type":"image\/webp"}],"twitter_card":"summary_large_image","twitter_misc":{"Est. reading time":"4 minutes"},"schema":{"@context":"https:\/\/schema.org","@graph":[{"@type":"WebPage","@id":"https:\/\/hotformpackaging.it\/en\/whistelblowing\/","url":"https:\/\/hotformpackaging.it\/en\/whistelblowing\/","name":"Whistelblowing | Hot Form","isPartOf":{"@id":"https:\/\/hotformpackaging.it\/en\/#website"},"datePublished":"2024-05-23T13:03:24+00:00","dateModified":"2024-06-28T07:35:57+00:00","breadcrumb":{"@id":"https:\/\/hotformpackaging.it\/en\/whistelblowing\/#breadcrumb"},"inLanguage":"en-US","potentialAction":[{"@type":"ReadAction","target":["https:\/\/hotformpackaging.it\/en\/whistelblowing\/"]}]},{"@type":"BreadcrumbList","@id":"https:\/\/hotformpackaging.it\/en\/whistelblowing\/#breadcrumb","itemListElement":[{"@type":"ListItem","position":1,"name":"Home","item":"https:\/\/hotformpackaging.it\/en\/"},{"@type":"ListItem","position":2,"name":"Whistelblowing"}]},{"@type":"WebSite","@id":"https:\/\/hotformpackaging.it\/en\/#website","url":"https:\/\/hotformpackaging.it\/en\/","name":"Hot Form","description":"Produzione Contenitori e Packaging Alimentare","publisher":{"@id":"https:\/\/hotformpackaging.it\/en\/#organization"},"potentialAction":[{"@type":"SearchAction","target":{"@type":"EntryPoint","urlTemplate":"https:\/\/hotformpackaging.it\/en\/?s={search_term_string}"},"query-input":{"@type":"PropertyValueSpecification","valueRequired":true,"valueName":"search_term_string"}}],"inLanguage":"en-US"},{"@type":"Organization","@id":"https:\/\/hotformpackaging.it\/en\/#organization","name":"HOT FORM srl","alternateName":"HOT FORM","url":"https:\/\/hotformpackaging.it\/en\/","logo":{"@type":"ImageObject","inLanguage":"en-US","@id":"https:\/\/hotformpackaging.it\/en\/#\/schema\/logo\/image\/","url":"https:\/\/hotformpackaging.it\/wp-content\/uploads\/2023\/09\/remove_icon.png","contentUrl":"https:\/\/hotformpackaging.it\/wp-content\/uploads\/2023\/09\/remove_icon.png","width":600,"height":207,"caption":"HOT FORM srl"},"image":{"@id":"https:\/\/hotformpackaging.it\/en\/#\/schema\/logo\/image\/"},"sameAs":["https:\/\/www.facebook.com\/hotformsrl","https:\/\/www.instagram.com\/hotformsrl\/","https:\/\/www.linkedin.com\/company\/hotformsrl\/","https:\/\/www.youtube.com\/@hotformsrl2764","https:\/\/www.italextrusion.it\/"]}]}},"_links":{"self":[{"href":"https:\/\/hotformpackaging.it\/en\/wp-json\/wp\/v2\/pages\/4285","targetHints":{"allow":["GET"]}}],"collection":[{"href":"https:\/\/hotformpackaging.it\/en\/wp-json\/wp\/v2\/pages"}],"about":[{"href":"https:\/\/hotformpackaging.it\/en\/wp-json\/wp\/v2\/types\/page"}],"author":[{"embeddable":true,"href":"https:\/\/hotformpackaging.it\/en\/wp-json\/wp\/v2\/users\/2"}],"replies":[{"embeddable":true,"href":"https:\/\/hotformpackaging.it\/en\/wp-json\/wp\/v2\/comments?post=4285"}],"version-history":[{"count":0,"href":"https:\/\/hotformpackaging.it\/en\/wp-json\/wp\/v2\/pages\/4285\/revisions"}],"wp:attachment":[{"href":"https:\/\/hotformpackaging.it\/en\/wp-json\/wp\/v2\/media?parent=4285"}],"curies":[{"name":"wp","href":"https:\/\/api.w.org\/{rel}","templated":true}]}}